{"id":715,"date":"2024-01-17T12:59:39","date_gmt":"2024-01-17T12:59:39","guid":{"rendered":"https:\/\/sportano.de\/blog\/?page_id=715"},"modified":"2025-04-02T11:09:09","modified_gmt":"2025-04-02T11:09:09","slug":"bedingungen-fuer-die-nutzung-des-blog-service-sportano-de","status":"publish","type":"page","link":"https:\/\/sportano.de\/blog\/bedingungen-fuer-die-nutzung-des-blog-service-sportano-de\/","title":{"rendered":"BEDINGUNGEN F\u00dcR DIE NUTZUNG DES BLOG-SERVICE SPORTANO.DE\u00a0"},"content":{"rendered":"\n<p class=\"has-text-align-center\"><strong>I.\u202f\u202f\u202f\u202f\u202f\u202f\u202f\u202f\u202f\u202f ALLGEMEINE BESTIMMUNGEN<\/strong>&nbsp;<\/p>\n\n\n\n<p>1. Die Nutzungsbedingungen beschreiben die Grunds\u00e4tze der Bereitstellung des Blog-Dienstes (im Folgenden &#8222;Blog&#8220; genannt) im Rahmen des Internetdienstes unter der Domain www.sportano.pl (im Folgenden &#8222;Blog-Bedingungen&#8220; genannt) durch SPORTANO.COM sp\u00f3\u0142ka z ograniczon\u0105 odpowiedzialno\u015bci\u0105 mit Sitz in Zielona G\u00f3ra (ul. Wroc\u0142awska 17B\/15, 65-427 Zielona G\u00f3ra), eingetragen im Unternehmerregister, gef\u00fchrt vom Bezirksgericht in Zielona G\u00f3ra, 8. Handelsabteilung &#8211; Landesgerichtsregister, unter KRS Nr. 0000896178, NIP 9731077223, REGON 388722422, BDO 000550240, Stammkapital 25 325 950,00 PLN, Internetadresse: www.sportano.de, E-Mail-Adresse: kundenservice@sportano.de, Telefonnummer: +49\u202f699\u202f501 9671 (Bezahlung wie f\u00fcr einen Standardanschluss &#8211; gem\u00e4\u00df der Preisliste des jeweiligen Betreibers) (im Folgenden: &#8222;SPORTANO &#8222;).\u00a0\u00a0<\/p>\n\n\n\n<p><strong>Die Definition des Verk\u00e4ufers wurde aufgrund der \u00c4nderung der Firma des Verk\u00e4ufers (Name) und der \u00c4nderung des Stammkapitals am 28.11.22 aktualisiert.<\/strong>&nbsp;<\/p>\n\n\n\n<p>2. Gro\u00dfgeschriebene Begriffe, die in den Blog-Bedingungen nicht definiert sind, haben die Bedeutung, die ihnen in den Blog-Bedingungen gegeben wird, sofern in den Blog-Bedingungen nichts anderes angegeben ist.&nbsp;&nbsp;<\/p>\n\n\n\n<p>3. Jede nat\u00fcrliche oder juristische Person, die den Blog nutzt (im Folgenden: &#8222;Nutzer&#8220;), ist verpflichtet, die Blog-Bedingungen vor der Nutzung des Blogs zu lesen.&nbsp;&nbsp;<\/p>\n\n\n\n<p>4. Die Blog-Bedingungen werden in elektronischer Form kostenlos in der Fu\u00dfzeile auf der Startseite der SPORTANO-Website unter: https:\/\/sportano.de\/blog\/bedingungen\/ in Papierform in der SPORTANO-Gesch\u00e4ftsstelle zur Verf\u00fcgung gestellt.&nbsp;&nbsp;<\/p>\n\n\n\n<p class=\"has-text-align-center\"><strong>II.\u202f\u202f\u202f\u202f\u202f\u202f\u202f\u202f\u202f BLOG-SERVICE<\/strong>&nbsp;<\/p>\n\n\n\n<p>1. Mit dem Blog-Service bietet SPORTANO den Dienst an, Inhalte mit begrenzter G\u00fcltigkeitsdauer bzw. Nutzbarkeit zur Verf\u00fcgung zu stellen, die vom j\u00fcngsten (zuletzt ver\u00f6ffentlichten) bis zum \u00e4ltesten Eintrag, insbesondere zu aktuellen Themen, dargestellt werden. SPORTANO ist berechtigt, die auf dem Blog-Dienst ver\u00f6ffentlichten Inhalte jederzeit zu \u00e4ndern, einschlie\u00dflich der \u00c4nderung aller oder eines Teils der auf diesem Dienst dargestellten Informationen, der Ersetzung von Downloads und der teilweisen oder vollst\u00e4ndigen R\u00fccknahme der ver\u00f6ffentlichten Inhalte.&nbsp;&nbsp;<\/p>\n\n\n\n<p>2. Der Beginn der Nutzung des Blogs (Abschluss des Vertrags \u00fcber die Bereitstellung des Blogs) erfolgt nach dem korrekten Start des Dienstes, der in der Anzeige der korrekten URL &#8211; https:\/\/sportano.de\/blog\/ &#8211; besteht, insbesondere durch Eingabe der folgenden Adresse in die Adressleiste des Internetbrowsers: https:\/\/sportano.de\/blog\/.\u202fJeder Nutzer erh\u00e4lt beim Zugriff auf die Website https:\/\/sportano.de\/blog\/ am unteren Rand des Bildschirms eine Meldung mit Informationen \u00fcber die Annahme der Allgemeinen Gesch\u00e4ftsbedingungen des Blogs und Informationen \u00fcber die Verarbeitung von Cookies.\u202fDie Nutzung des Blogs ist gleichbedeutend mit der Annahme der Blog-Bestimmungen.&nbsp;&nbsp;<\/p>\n\n\n\n<p>3. Der Blog wird auf unbestimmte Zeit unentgeltlich zur Verf\u00fcgung gestellt.&nbsp;&nbsp;<\/p>\n\n\n\n<p>4. Der Nutzer ist insbesondere verpflichtet:&nbsp;&nbsp;<\/p>\n\n\n\n<p>a) den Blog in einer Weise zu nutzen, die mit den geltenden Rechtsvorschriften vereinbar ist und die Rechte Dritter nicht verletzt, in \u00dcbereinstimmung mit den Bestimmungen des Reglements des Blog-Dienstes sowie mit den diesbez\u00fcglich anerkannten Gepflogenheiten und Regeln des gesellschaftlichen Zusammenlebens;&nbsp;&nbsp;<\/p>\n\n\n\n<p>b) SPORTANO nur wahre, aktuelle und alle notwendigen Daten zur Verf\u00fcgung zu stellen;&nbsp;&nbsp;<\/p>\n\n\n\n<p>c) die SPORTANO im Zusammenhang mit dem Abschluss des Blog-Dienstleistungsvertrages mitgeteilten Daten unverz\u00fcglich zu aktualisieren, soweit die Angabe der Daten f\u00fcr die Nutzung des Dienstes erforderlich ist;&nbsp;&nbsp;<\/p>\n\n\n\n<p>d) im Rahmen des Blog-Dienstes keine Inhalte bereitzustellen oder zu \u00fcbermitteln, die nach geltendem Recht verboten sind, insbesondere keine Inhalte, die Urheberrechte Dritter oder deren Pers\u00f6nlichkeitsrechte verletzen.&nbsp;&nbsp;<\/p>\n\n\n\n<p>5. Die Nutzung des Blogs, einschlie\u00dflich des Abschlusses eines Vertrages \u00fcber die Erbringung des Blog-Dienstes, setzt voraus, dass das Endger\u00e4t und das IKT-System des Nutzers die folgenden technischen Mindestanforderungen erf\u00fcllen, d.h.: einen Computer oder ein anderes mit dem Internet verbundenes Ger\u00e4t mit einer Bildschirmaufl\u00f6sung von mindestens 1280 x 720 Pixeln, ausgestattet mit mindestens einem der folgenden Webbrowser: Chrome Version 94 und h\u00f6her, Internet Explorer Version 11 und h\u00f6her, Firefox Version 93 und h\u00f6her, Edge Version 94 und h\u00f6her, Safari Version 14 und h\u00f6her, Opera Version 80 und h\u00f6her, die Java Script unterst\u00fctzen und das Speichern von Cookies erlauben.&nbsp;&nbsp;<\/p>\n\n\n\n<p>6. Die Nutzung des Blogs als elektronischer Dienst ist mit den typischen Risiken der Daten\u00fcbertragung im Internet verbunden, wie z.B. der Verbreitung von Nutzerdaten, dem Zugriff durch Unbefugte oder deren Verlust. SPORTANO und die Nutzer sind verpflichtet, Ma\u00dfnahmen zu ergreifen, um diese Risiken zu minimieren.&nbsp;<\/p>\n\n\n\n<p class=\"has-text-align-center\"><strong>III.\u202f\u202f\u202f\u202f\u202f\u202f\u202f\u202f VERARBEITUNG DER PERSONENBEZOGENEN DATEN<\/strong>&nbsp;<\/p>\n\n\n\n<p>1. Die personenbezogenen Daten des Nutzers werden von SPORTANO als Verantwortlicher f\u00fcr die Verarbeitung der personenbezogenen Daten verarbeitet. Die Bereitstellung der personenbezogenen Daten durch den Nutzer ist freiwillig, aber f\u00fcr die Nutzung des Blogs erforderlich. Die Nichtbereitstellung der f\u00fcr die Art des Dienstes im Blog erforderlichen personenbezogenen Daten kann dazu f\u00fchren, dass bestimmte von SPORTANO im Blog angebotene Dienste nicht genutzt werden k\u00f6nnen.&nbsp;&nbsp;<\/p>\n\n\n\n<p>2. Ausf\u00fchrliche Informationen zum Schutz personenbezogener Daten sind in der <a href=\"https:\/\/sportano.de\/datenschutz-und-cookies\" target=\"_blank\" rel=\"noreferrer noopener\">Datenschutz und Cookies<\/a>.&nbsp;<\/p>\n\n\n\n<p class=\"has-text-align-center\"><strong>IV.\u202f\u202f\u202f\u202f\u202f\u202f\u202f \u202fGEISTIGES EIGENTUM<\/strong>&nbsp;<\/p>\n\n\n\n<p>1. Die Rechte an allen Elementen, einschlie\u00dflich der Werke im Sinne des Gesetzes \u00fcber das Urheberrecht und verwandte Schutzrechte vom 4. Februar 1994, die von SPORTANO oder seinen Partnern zur Verf\u00fcgung gestellt werden, insbesondere das Urheberrecht, liegen bei SPORTANO oder den Unternehmen, mit denen SPORTANO entsprechende Vereinbarungen getroffen hat.&nbsp;&nbsp;<\/p>\n\n\n\n<p>2. Der Nutzer ist berechtigt, die vorgenannten Inhalte unentgeltlich ausschlie\u00dflich im Rahmen des eigenen pers\u00f6nlichen Gebrauchs und ausschlie\u00dflich zum Zwecke der ordnungsgem\u00e4\u00dfen Nutzung des Blogs ohne r\u00e4umliche Beschr\u00e4nkung zu nutzen. Eine dar\u00fcber hinausgehende Nutzung der Inhalte ist nur nach ausdr\u00fccklicher vorheriger schriftlicher Zustimmung durch eine autorisierte Stelle zul\u00e4ssig und unter Androhung der Unwirksamkeit gestattet.&nbsp;&nbsp;<\/p>\n\n\n\n<p class=\"has-text-align-center\"><strong>V.\u202f\u202f\u202f\u202f\u202f\u202f\u202f\u202f\u202f BESCHWERDEN<\/strong>&nbsp;<\/p>\n\n\n\n<p>1. Der Nutzer kann Unregelm\u00e4\u00dfigkeiten im Zusammenhang mit dem Blog-Dienst in Form von Beschwerden melden. Beschwerden k\u00f6nnen z.B. per E-Mail an die folgende E-Mail-Adresse gerichtet werden: kundenservice@sportano.de.&nbsp;&nbsp;<\/p>\n\n\n\n<p>2. Beanstandungen werden von SPORTANO unverz\u00fcglich, sp\u00e4testens jedoch innerhalb von 14 Tagen nach ihrer Einreichung, gepr\u00fcft.&nbsp;&nbsp;<\/p>\n\n\n\n<p>3. Um die Bearbeitung der Beschwerde zu beschleunigen, wird empfohlen, den Namen und die Kontaktdaten der beschwerdef\u00fchrenden Person sowie eine Beschreibung der Gr\u00fcnde f\u00fcr die Beschwerde anzugeben.&nbsp;&nbsp;<\/p>\n\n\n\n<p>4. Weder SPORTANO noch seine Mitarbeiter, Bevollm\u00e4chtigten und Anw\u00e4lte haften gegen\u00fcber dem Nicht-Verbraucher-Nutzer, seinen Unterauftragnehmern, Mitarbeitern, Bevollm\u00e4chtigten und\/oder Anw\u00e4lten f\u00fcr Sch\u00e4den, einschlie\u00dflich entgangenen Gewinns, es sei denn, der Schaden wurde von ihnen vors\u00e4tzlich verursacht. Soweit eine Haftung von SPORTANO, seinen Arbeitnehmern, Bevollm\u00e4chtigten und\/oder Vertretern festgestellt wird, ist diese Haftung gegen\u00fcber dem Nicht-Verbraucher-Nutzer, gleich aus welchem Rechtsgrund, sowohl im Rahmen einer einzelnen Forderung als auch f\u00fcr alle Forderungen insgesamt auf den Betrag von 500 PLN beschr\u00e4nkt.&nbsp;&nbsp;<\/p>\n\n\n\n<p class=\"has-text-align-center\"><strong>VI.\u202f\u202f\u202f\u202f\u202f\u202f\u202f BEENDIGUNG DES VERTRAGS UND \u00c4NDERUNG DER BLOGREGELN<\/strong>&nbsp;<\/p>\n\n\n\n<p>1. Der Nutzer hat jederzeit und ohne Angabe von Gr\u00fcnden die M\u00f6glichkeit, die Nutzung des Blogs zu beenden (K\u00fcndigung des Blog-Dienstleistungsvertrages), insbesondere durch Schlie\u00dfung der SPORTANO-Website, auf der der Blog-Eintrag ver\u00f6ffentlicht ist.&nbsp;&nbsp;&nbsp;<\/p>\n\n\n\n<p>2. SPORTANO kann den Blog-Dienstleistungsvertrag jederzeit mit einer Frist von 14 Tagen aus den folgenden wichtigen Gr\u00fcnden k\u00fcndigen:&nbsp;&nbsp;<\/p>\n\n\n\n<p>a) \u00c4nderung der gesetzlichen Bestimmungen f\u00fcr die elektronische Leistungserbringung durch SPORTANO, die die gegenseitigen Rechte und Pflichten aus dem Blog-Dienstleistungsvertrag ber\u00fchren, oder \u00c4nderung der Auslegung der vorgenannten gesetzlichen Bestimmungen aufgrund von Gerichtsurteilen, Beschl\u00fcssen, Empfehlungen oder Empfehlungen der zust\u00e4ndigen Beh\u00f6rden oder Stellen;&nbsp;<\/p>\n\n\n\n<p>b) \u00c4nderung der Art und Weise der Leistungserbringung aus technischen oder technologischen Gr\u00fcnden, z.B. Aktualisierung der in der Blog-Verordnung genannten technischen Anforderungen;&nbsp;&nbsp;<\/p>\n\n\n\n<p>c) \u00c4nderung des Umfangs oder der Erbringung von Leistungen, auf die die Blog-Verordnung Anwendung findet, durch Einf\u00fchrung neuer, \u00c4nderung oder R\u00fccknahme bestehender Funktionalit\u00e4ten oder Leistungen, die unter die Blog-Verordnung fallen, durch SPORTANO;&nbsp;&nbsp;<\/p>\n\n\n\n<p>d) eine \u00c4nderung des Umfangs oder der Erbringung von Leistungen durch mit SPORTANO kooperierende Unternehmen durch Einf\u00fchrung neuer, \u00c4nderung oder R\u00fccknahme bestehender Funktionalit\u00e4ten oder Leistungen durch diese Unternehmen, die die gegenseitigen Rechte und Pflichten zwischen dem Nutzer und SPORTANO ber\u00fchren.&nbsp;&nbsp;<\/p>\n\n\n\n<p>3. SPORTANO gibt seine Erkl\u00e4rung in dem in Absatz 2 genannten Umfang durch Ver\u00f6ffentlichung auf der Website ab, unter der der Blog zur Verf\u00fcgung gestellt wird: https:\/\/sportano.de\/blog\/.&nbsp;&nbsp;<\/p>\n\n\n\n<p>4. SPORTANO kann dem Nutzer die weitere Nutzung des Blogs untersagen sowie den Vertrag \u00fcber die Bereitstellung des Blogs gegen\u00fcber dem Nutzer mit einer Frist von 7 Tagen k\u00fcndigen, wenn der Nutzer grob gegen Ziffer II. 4(a) der Blogordnung verst\u00f6\u00dft.&nbsp;&nbsp;<\/p>\n\n\n\n<p>5. SPORTANO kann diese Blogordnung aus wichtigem Grund, d.h. insbesondere bei Vorliegen von mindestens einem der in Absatz 2 genannten Gr\u00fcnde, \u00e4ndern.&nbsp;<\/p>\n\n\n\n<p>6. Im Falle von \u00c4nderungen der Blogordnung stellt SPORTANO den konsolidierten Text der Blogordnung durch Ver\u00f6ffentlichung auf der SPORTANO-Website unter der Domain www.sportano.de zur Verf\u00fcgung, so dass der konsolidierte Text der Blogordnung gelesen und gespeichert werden kann.&nbsp;&nbsp;<\/p>\n\n\n\n<p>7. \u00c4nderungen der Blog-Ordnung treten nach Ablauf von 14 Tagen ab dem Zeitpunkt der Ver\u00f6ffentlichung der Information \u00fcber die \u00c4nderung in Kraft. Der Nutzer hat das Recht, den Vertrag \u00fcber die Bereitstellung des Blogs innerhalb von 14 Tagen ab dem Datum der Bekanntgabe der \u00c4nderung der Blogordnung zu k\u00fcndigen.&nbsp;&nbsp;<\/p>\n\n\n\n<p class=\"has-text-align-center\"><strong>VII.\u202f\u202f\u202f\u202f\u202f\u202f SCHLUSSBESTIMMUNGEN<\/strong>&nbsp;<\/p>\n\n\n\n<p>1. Die Blogordnung tritt mit Wirkung vom 10.05.2022 in Kraft.&nbsp;&nbsp;<\/p>\n\n\n\n<p>2. Der Vertrag \u00fcber die Bereitstellung des Blogs wird in polnischer Sprache abgeschlossen.&nbsp;&nbsp;<\/p>\n\n\n\n<p>3. Die Konsolidierung, Sicherung und Zug\u00e4nglichkeit der wesentlichen Bestimmungen des abgeschlossenen Vertrages \u00fcber die Bereitstellung des Blogs erfolgt durch die Bereitstellung der Blogordnung in der Fu\u00dfzeile auf der Website unter: https:\/\/sportano.de\/blog\/bedingungen\/ in einer Weise, die das Herunterladen, Vervielf\u00e4ltigen und Speichern auf dem Ger\u00e4t des Nutzers erm\u00f6glicht.&nbsp;&nbsp;<\/p>\n\n\n\n<p>4. In Angelegenheiten, die nicht in der Blogordnung geregelt sind, gelten die allgemein verbindlichen Bestimmungen des polnischen Rechts.&nbsp;<\/p>\n","protected":false},"excerpt":{"rendered":"<p>I.\u202f\u202f\u202f\u202f\u202f\u202f\u202f\u202f\u202f\u202f ALLGEMEINE BESTIMMUNGEN&nbsp; 1. Die Nutzungsbedingungen beschreiben die Grunds\u00e4tze der Bereitstellung des Blog-Dienstes (im Folgenden &#8222;Blog&#8220; genannt) im Rahmen des Internetdienstes unter der Domain www.sportano.pl (im Folgenden &#8222;Blog-Bedingungen&#8220; genannt) durch SPORTANO.COM sp\u00f3\u0142ka z ograniczon\u0105 odpowiedzialno\u015bci\u0105 mit Sitz in Zielona G\u00f3ra (ul. Wroc\u0142awska 17B\/15, 65-427 Zielona G\u00f3ra), eingetragen im Unternehmerregister, gef\u00fchrt vom Bezirksgericht in Zielona G\u00f3ra, [&hellip;]<\/p>\n","protected":false},"author":7,"featured_media":0,"parent":0,"menu_order":0,"comment_status":"closed","ping_status":"closed","template":"","meta":{"_acf_changed":false,"footnotes":""},"class_list":["post-715","page","type-page","status-publish","hentry"],"acf":[],"yoast_head":"<!-- This site is optimized with the Yoast SEO plugin v27.1.1 - https:\/\/yoast.com\/product\/yoast-seo-wordpress\/ -->\n<title>BEDINGUNGEN F\u00dcR DIE NUTZUNG DES BLOG-SERVICE SPORTANO.DE\u00a0 - sportano.DE<\/title>\n<meta name=\"robots\" content=\"index, follow, max-snippet:-1, max-image-preview:large, max-video-preview:-1\" \/>\n<link rel=\"canonical\" href=\"https:\/\/sportano.de\/blog\/bedingungen-fuer-die-nutzung-des-blog-service-sportano-de\/\" \/>\n<meta property=\"og:locale\" content=\"de_DE\" \/>\n<meta property=\"og:type\" content=\"article\" \/>\n<meta property=\"og:title\" content=\"BEDINGUNGEN F\u00dcR DIE NUTZUNG DES BLOG-SERVICE SPORTANO.DE\u00a0 - sportano.DE\" \/>\n<meta property=\"og:description\" content=\"I.\u202f\u202f\u202f\u202f\u202f\u202f\u202f\u202f\u202f\u202f ALLGEMEINE BESTIMMUNGEN&nbsp; 1. Die Nutzungsbedingungen beschreiben die Grunds\u00e4tze der Bereitstellung des Blog-Dienstes (im Folgenden &#8222;Blog&#8220; genannt) im Rahmen des Internetdienstes unter der Domain www.sportano.pl (im Folgenden &#8222;Blog-Bedingungen&#8220; genannt) durch SPORTANO.COM sp\u00f3\u0142ka z ograniczon\u0105 odpowiedzialno\u015bci\u0105 mit Sitz in Zielona G\u00f3ra (ul. Wroc\u0142awska 17B\/15, 65-427 Zielona G\u00f3ra), eingetragen im Unternehmerregister, gef\u00fchrt vom Bezirksgericht in Zielona G\u00f3ra, [&hellip;]\" \/>\n<meta property=\"og:url\" content=\"https:\/\/sportano.de\/blog\/bedingungen-fuer-die-nutzung-des-blog-service-sportano-de\/\" \/>\n<meta property=\"og:site_name\" content=\"sportano.DE\" \/>\n<meta property=\"article:modified_time\" content=\"2025-04-02T11:09:09+00:00\" \/>\n<meta name=\"twitter:card\" content=\"summary_large_image\" \/>\n<meta name=\"twitter:label1\" content=\"Gesch\u00e4tzte Lesezeit\" \/>\n\t<meta name=\"twitter:data1\" content=\"8\u00a0Minuten\" \/>\n<!-- \/ Yoast SEO plugin. -->","yoast_head_json":{"title":"BEDINGUNGEN F\u00dcR DIE NUTZUNG DES BLOG-SERVICE SPORTANO.DE\u00a0 - sportano.DE","robots":{"index":"index","follow":"follow","max-snippet":"max-snippet:-1","max-image-preview":"max-image-preview:large","max-video-preview":"max-video-preview:-1"},"canonical":"https:\/\/sportano.de\/blog\/bedingungen-fuer-die-nutzung-des-blog-service-sportano-de\/","og_locale":"de_DE","og_type":"article","og_title":"BEDINGUNGEN F\u00dcR DIE NUTZUNG DES BLOG-SERVICE SPORTANO.DE\u00a0 - sportano.DE","og_description":"I.\u202f\u202f\u202f\u202f\u202f\u202f\u202f\u202f\u202f\u202f ALLGEMEINE BESTIMMUNGEN&nbsp; 1. Die Nutzungsbedingungen beschreiben die Grunds\u00e4tze der Bereitstellung des Blog-Dienstes (im Folgenden &#8222;Blog&#8220; genannt) im Rahmen des Internetdienstes unter der Domain www.sportano.pl (im Folgenden &#8222;Blog-Bedingungen&#8220; genannt) durch SPORTANO.COM sp\u00f3\u0142ka z ograniczon\u0105 odpowiedzialno\u015bci\u0105 mit Sitz in Zielona G\u00f3ra (ul. Wroc\u0142awska 17B\/15, 65-427 Zielona G\u00f3ra), eingetragen im Unternehmerregister, gef\u00fchrt vom Bezirksgericht in Zielona G\u00f3ra, [&hellip;]","og_url":"https:\/\/sportano.de\/blog\/bedingungen-fuer-die-nutzung-des-blog-service-sportano-de\/","og_site_name":"sportano.DE","article_modified_time":"2025-04-02T11:09:09+00:00","twitter_card":"summary_large_image","twitter_misc":{"Gesch\u00e4tzte Lesezeit":"8\u00a0Minuten"},"schema":{"@context":"https:\/\/schema.org","@graph":[{"@type":"WebPage","@id":"https:\/\/sportano.de\/blog\/bedingungen-fuer-die-nutzung-des-blog-service-sportano-de\/","url":"https:\/\/sportano.de\/blog\/bedingungen-fuer-die-nutzung-des-blog-service-sportano-de\/","name":"BEDINGUNGEN F\u00dcR DIE NUTZUNG DES BLOG-SERVICE SPORTANO.DE\u00a0 - sportano.DE","isPartOf":{"@id":"https:\/\/sportano.de\/blog\/#website"},"datePublished":"2024-01-17T12:59:39+00:00","dateModified":"2025-04-02T11:09:09+00:00","breadcrumb":{"@id":"https:\/\/sportano.de\/blog\/bedingungen-fuer-die-nutzung-des-blog-service-sportano-de\/#breadcrumb"},"inLanguage":"de","potentialAction":[{"@type":"ReadAction","target":["https:\/\/sportano.de\/blog\/bedingungen-fuer-die-nutzung-des-blog-service-sportano-de\/"]}]},{"@type":"BreadcrumbList","@id":"https:\/\/sportano.de\/blog\/bedingungen-fuer-die-nutzung-des-blog-service-sportano-de\/#breadcrumb","itemListElement":[{"@type":"ListItem","position":1,"name":"Home","item":"https:\/\/sportano.de\/blog\/"},{"@type":"ListItem","position":2,"name":"BEDINGUNGEN F\u00dcR DIE NUTZUNG DES BLOG-SERVICE SPORTANO.DE\u00a0"}]},{"@type":"WebSite","@id":"https:\/\/sportano.de\/blog\/#website","url":"https:\/\/sportano.de\/blog\/","name":"sportano.DE","description":"Online-Sportgesch\u00e4ft","potentialAction":[{"@type":"SearchAction","target":{"@type":"EntryPoint","urlTemplate":"https:\/\/sportano.de\/blog\/?s={search_term_string}"},"query-input":{"@type":"PropertyValueSpecification","valueRequired":true,"valueName":"search_term_string"}}],"inLanguage":"de"}]}},"_links":{"self":[{"href":"https:\/\/sportano.de\/blog\/wp-json\/wp\/v2\/pages\/715","targetHints":{"allow":["GET"]}}],"collection":[{"href":"https:\/\/sportano.de\/blog\/wp-json\/wp\/v2\/pages"}],"about":[{"href":"https:\/\/sportano.de\/blog\/wp-json\/wp\/v2\/types\/page"}],"author":[{"embeddable":true,"href":"https:\/\/sportano.de\/blog\/wp-json\/wp\/v2\/users\/7"}],"replies":[{"embeddable":true,"href":"https:\/\/sportano.de\/blog\/wp-json\/wp\/v2\/comments?post=715"}],"version-history":[{"count":6,"href":"https:\/\/sportano.de\/blog\/wp-json\/wp\/v2\/pages\/715\/revisions"}],"predecessor-version":[{"id":1905,"href":"https:\/\/sportano.de\/blog\/wp-json\/wp\/v2\/pages\/715\/revisions\/1905"}],"wp:attachment":[{"href":"https:\/\/sportano.de\/blog\/wp-json\/wp\/v2\/media?parent=715"}],"curies":[{"name":"wp","href":"https:\/\/api.w.org\/{rel}","templated":true}]}}