{"id":39,"date":"2022-09-14T13:24:01","date_gmt":"2022-09-14T13:24:01","guid":{"rendered":"https:\/\/sportano.de\/blog\/?page_id=39"},"modified":"2024-01-03T11:09:21","modified_gmt":"2024-01-03T11:09:21","slug":"kontakt","status":"publish","type":"page","link":"https:\/\/sportano.de\/blog\/kontakt\/","title":{"rendered":"Kontakt"},"content":{"rendered":"\n<p>Haben Sie Fragen zu einem Artikel Ihrer Wahl? Suchen Sie eine Antwort auf ein sportbezogenes Problem oder ben\u00f6tigen Sie Informationen zu einem in einem Beitrag erw\u00e4hnten Produkt? Oder m\u00f6chten Sie ein bestimmtes Thema im Blog ansprechen?<\/p>\n\n\n\n<p>Schreiben Sie uns direkt an: <a href=\"mailto:kundenservice@sportano.de\" target=\"_blank\" rel=\"noreferrer noopener\">kundenservice@sportano.de<\/a><\/p>\n","protected":false},"excerpt":{"rendered":"<p>Haben Sie Fragen zu einem Artikel Ihrer Wahl? Suchen Sie eine Antwort auf ein sportbezogenes Problem oder ben\u00f6tigen Sie Informationen zu einem in einem Beitrag erw\u00e4hnten Produkt? Oder m\u00f6chten Sie ein bestimmtes Thema im Blog ansprechen? Schreiben Sie uns direkt an: kundenservice@sportano.de<\/p>\n","protected":false},"author":7,"featured_media":0,"parent":0,"menu_order":0,"comment_status":"closed","ping_status":"closed","template":"","meta":{"_acf_changed":false,"footnotes":""},"class_list":["post-39","page","type-page","status-publish","hentry"],"acf":[],"yoast_head":"<!-- This site is optimized with the Yoast SEO plugin v27.1.1 - https:\/\/yoast.com\/product\/yoast-seo-wordpress\/ -->\n<title>Kontakt - sportano.DE<\/title>\n<meta name=\"robots\" content=\"index, follow, max-snippet:-1, max-image-preview:large, max-video-preview:-1\" \/>\n<link rel=\"canonical\" href=\"https:\/\/sportano.de\/blog\/kontakt\/\" \/>\n<meta property=\"og:locale\" content=\"de_DE\" \/>\n<meta property=\"og:type\" content=\"article\" \/>\n<meta property=\"og:title\" content=\"Kontakt - sportano.DE\" \/>\n<meta property=\"og:description\" content=\"Haben Sie Fragen zu einem Artikel Ihrer Wahl? Suchen Sie eine Antwort auf ein sportbezogenes Problem oder ben\u00f6tigen Sie Informationen zu einem in einem Beitrag erw\u00e4hnten Produkt? Oder m\u00f6chten Sie ein bestimmtes Thema im Blog ansprechen? Schreiben Sie uns direkt an: kundenservice@sportano.de\" \/>\n<meta property=\"og:url\" content=\"https:\/\/sportano.de\/blog\/kontakt\/\" \/>\n<meta property=\"og:site_name\" content=\"sportano.DE\" \/>\n<meta property=\"article:modified_time\" content=\"2024-01-03T11:09:21+00:00\" \/>\n<meta name=\"twitter:card\" content=\"summary_large_image\" \/>\n<meta name=\"twitter:label1\" content=\"Gesch\u00e4tzte Lesezeit\" \/>\n\t<meta name=\"twitter:data1\" content=\"1\u00a0Minute\" \/>\n<!-- \/ Yoast SEO plugin. -->","yoast_head_json":{"title":"Kontakt - sportano.DE","robots":{"index":"index","follow":"follow","max-snippet":"max-snippet:-1","max-image-preview":"max-image-preview:large","max-video-preview":"max-video-preview:-1"},"canonical":"https:\/\/sportano.de\/blog\/kontakt\/","og_locale":"de_DE","og_type":"article","og_title":"Kontakt - sportano.DE","og_description":"Haben Sie Fragen zu einem Artikel Ihrer Wahl? Suchen Sie eine Antwort auf ein sportbezogenes Problem oder ben\u00f6tigen Sie Informationen zu einem in einem Beitrag erw\u00e4hnten Produkt? Oder m\u00f6chten Sie ein bestimmtes Thema im Blog ansprechen? Schreiben Sie uns direkt an: kundenservice@sportano.de","og_url":"https:\/\/sportano.de\/blog\/kontakt\/","og_site_name":"sportano.DE","article_modified_time":"2024-01-03T11:09:21+00:00","twitter_card":"summary_large_image","twitter_misc":{"Gesch\u00e4tzte Lesezeit":"1\u00a0Minute"},"schema":{"@context":"https:\/\/schema.org","@graph":[{"@type":"WebPage","@id":"https:\/\/sportano.de\/blog\/kontakt\/","url":"https:\/\/sportano.de\/blog\/kontakt\/","name":"Kontakt - sportano.DE","isPartOf":{"@id":"https:\/\/sportano.de\/blog\/#website"},"datePublished":"2022-09-14T13:24:01+00:00","dateModified":"2024-01-03T11:09:21+00:00","breadcrumb":{"@id":"https:\/\/sportano.de\/blog\/kontakt\/#breadcrumb"},"inLanguage":"de","potentialAction":[{"@type":"ReadAction","target":["https:\/\/sportano.de\/blog\/kontakt\/"]}]},{"@type":"BreadcrumbList","@id":"https:\/\/sportano.de\/blog\/kontakt\/#breadcrumb","itemListElement":[{"@type":"ListItem","position":1,"name":"Home","item":"https:\/\/sportano.de\/blog\/"},{"@type":"ListItem","position":2,"name":"Kontakt"}]},{"@type":"WebSite","@id":"https:\/\/sportano.de\/blog\/#website","url":"https:\/\/sportano.de\/blog\/","name":"sportano.DE","description":"Online-Sportgesch\u00e4ft","potentialAction":[{"@type":"SearchAction","target":{"@type":"EntryPoint","urlTemplate":"https:\/\/sportano.de\/blog\/?s={search_term_string}"},"query-input":{"@type":"PropertyValueSpecification","valueRequired":true,"valueName":"search_term_string"}}],"inLanguage":"de"}]}},"_links":{"self":[{"href":"https:\/\/sportano.de\/blog\/wp-json\/wp\/v2\/pages\/39","targetHints":{"allow":["GET"]}}],"collection":[{"href":"https:\/\/sportano.de\/blog\/wp-json\/wp\/v2\/pages"}],"about":[{"href":"https:\/\/sportano.de\/blog\/wp-json\/wp\/v2\/types\/page"}],"author":[{"embeddable":true,"href":"https:\/\/sportano.de\/blog\/wp-json\/wp\/v2\/users\/7"}],"replies":[{"embeddable":true,"href":"https:\/\/sportano.de\/blog\/wp-json\/wp\/v2\/comments?post=39"}],"version-history":[{"count":6,"href":"https:\/\/sportano.de\/blog\/wp-json\/wp\/v2\/pages\/39\/revisions"}],"predecessor-version":[{"id":702,"href":"https:\/\/sportano.de\/blog\/wp-json\/wp\/v2\/pages\/39\/revisions\/702"}],"wp:attachment":[{"href":"https:\/\/sportano.de\/blog\/wp-json\/wp\/v2\/media?parent=39"}],"curies":[{"name":"wp","href":"https:\/\/api.w.org\/{rel}","templated":true}]}}